{"id":309,"date":"2020-06-08T14:39:49","date_gmt":"2020-06-08T12:39:49","guid":{"rendered":"https:\/\/agroinnovationlab.overlap.at\/?page_id=309"},"modified":"2026-02-04T07:18:34","modified_gmt":"2026-02-04T06:18:34","slug":"ueber-uns","status":"publish","type":"page","link":"https:\/\/www.agroinnovationlab.com\/de\/ueber-uns\/","title":{"rendered":"\u00dcber Uns"},"content":{"rendered":"<p><div class=\"fusion-fullwidth fullwidth-box fusion-builder-row-1 nonhundred-percent-fullwidth non-hundred-percent-height-scrolling gradient-container-1\" style=\"--awb-border-radius-top-left:0px;--awb-border-radius-top-right:0px;--awb-border-radius-bottom-right:0px;--awb-border-radius-bottom-left:0px;--awb-flex-wrap:wrap;\" ><div class=\"fusion-builder-row fusion-row\"><div class=\"fusion-layout-column fusion_builder_column fusion-builder-column-0 fusion_builder_column_1_1 1_1 fusion-one-full fusion-column-first fusion-column-last\" style=\"--awb-bg-size:cover;\"><div class=\"fusion-column-wrapper fusion-column-has-shadow fusion-flex-column-wrapper-legacy\"><div class=\"fusion-clearfix\"><\/div><\/div><\/div><\/div><\/div><div class=\"fusion-fullwidth fullwidth-box fusion-builder-row-2 nonhundred-percent-fullwidth non-hundred-percent-height-scrolling gradient-container-2\" style=\"--awb-border-radius-top-left:0px;--awb-border-radius-top-right:0px;--awb-border-radius-bottom-right:0px;--awb-border-radius-bottom-left:0px;--awb-flex-wrap:wrap;\" ><div class=\"fusion-builder-row fusion-row\"><div class=\"fusion-layout-column fusion_builder_column fusion-builder-column-1 fusion_builder_column_1_3 1_3 fusion-one-third fusion-column-first\" style=\"--awb-bg-size:cover;width:33.3333333333%;width:calc(33.3333333333% - ( ( 4% ) * 0.333333333333 ) );margin-right: 4%;\"><div class=\"fusion-column-wrapper fusion-column-has-shadow fusion-flex-column-wrapper-legacy\"><div class=\"elegant-image elegant-image-0 elegant-align-left \"><div class=\"elegant-image-wrapper\"><img decoding=\"async\" src=\"https:\/\/www.agroinnovationlab.com\/wp-content\/uploads\/2022\/03\/Whitepaper-1.jpg\" alt=\"\" style=\"width:400px;\"\/><\/div><div class=\"elegant-image-blur-shadow\"><img decoding=\"async\" src=\"https:\/\/www.agroinnovationlab.com\/wp-content\/uploads\/2022\/03\/Whitepaper-1.jpg\" alt=\"\" style=\"width:400px;\"\/><\/div><style type=\"text\/css\"><\/style><\/div><div class=\"fusion-clearfix\"><\/div><\/div><\/div><div class=\"fusion-layout-column fusion_builder_column fusion-builder-column-2 fusion_builder_column_2_3 2_3 fusion-two-third fusion-column-last\" style=\"--awb-bg-size:cover;width:66.6666666667%;width:calc(66.6666666667% - ( ( 4% ) * 0.666666666667 ) );\"><div class=\"fusion-column-wrapper fusion-column-has-shadow fusion-flex-column-wrapper-legacy\"><div class=\"fusion-text fusion-text-1\"><div class=\"col s12 m10 push-m2\">\n<h2 class=\"fusion-responsive-typography-calculated\" style=\"--fontsize: 40; line-height: 1.2;\" data-fontsize=\"40\" data-lineheight=\"48px\">Whitepaper<\/h2>\n<\/div>\n<div class=\"text-large col s12 m9 push-m2\">\n<p>Die RWA Raiffeisen Ware Austria AG war 2016 eines der ersten Unternehmen in Europa, das einen Accelerator im Bereich AgTech gegr\u00fcndet hat. Durch die Etablierung einer Reihe von Programmen und Formaten, die auf die sich ver\u00e4ndernden Bed\u00fcrfnisse des Unternehmens zugeschnitten sind, hat das Agro Innovation Lab auch eine F\u00fclle von Erkenntnissen gewonnen. Das Ziel dieser Ver\u00f6ffentlichung ist es, diese Erkenntnisse mit einem breiteren Publikum zu teilen. Sie stellt die Erfolgsfaktoren des AIL in der erforderlichen Tiefe dar, von den Anf\u00e4ngen bis zum heutigen Tag.<\/p>\n<p>Interessiert? Viel Spa\u00df beim <a href=\"https:\/\/www.agroinnovationlab.com\/wp-content\/uploads\/2022\/03\/AIL_22-2068_Whitepaper_A4_Online-002.pdf\" target=\"_blank\" rel=\"noopener\">Lesen<\/a>!<\/p>\n<\/div>\n<\/div><div class=\"fusion-clearfix\"><\/div><\/div><\/div><\/div><\/div><div class=\"fusion-fullwidth fullwidth-box fusion-builder-row-3 nonhundred-percent-fullwidth non-hundred-percent-height-scrolling gradient-container-3\" style=\"--awb-border-radius-top-left:0px;--awb-border-radius-top-right:0px;--awb-border-radius-bottom-right:0px;--awb-border-radius-bottom-left:0px;--awb-flex-wrap:wrap;\" ><div class=\"fusion-builder-row fusion-row\"><div class=\"fusion-layout-column fusion_builder_column fusion-builder-column-3 fusion_builder_column_2_3 2_3 fusion-two-third fusion-column-first\" style=\"--awb-bg-size:cover;width:66.6666666667%;width:calc(66.6666666667% - ( ( 4% ) * 0.666666666667 ) );margin-right: 4%;\"><div class=\"fusion-column-wrapper fusion-column-has-shadow fusion-flex-column-wrapper-legacy\"><div class=\"fusion-text fusion-text-2\"><div class=\"col s12 m10 push-m2\">\n<h2 class=\"fusion-responsive-typography-calculated\" style=\"--fontsize: 40; line-height: 1.2;\" data-fontsize=\"40\" data-lineheight=\"48px\">Unser Team<\/h2>\n<\/div>\n<div class=\"text-large col s12 m9 push-m2\">\n<p>Wir sind ein hochmotiviertes, junges Team mit der Passion die Zukunft der Landwirtschaft gemeinsam mitzugestalten.<\/p>\n<\/div>\n<\/div><div class=\"fusion-clearfix\"><\/div><\/div><\/div><div class=\"fusion-layout-column fusion_builder_column fusion-builder-column-4 fusion_builder_column_1_3 1_3 fusion-one-third fusion-column-last\" style=\"--awb-bg-size:cover;width:33.3333333333%;width:calc(33.3333333333% - ( ( 4% ) * 0.333333333333 ) );\"><div class=\"fusion-column-wrapper fusion-column-has-shadow fusion-flex-column-wrapper-legacy\"><div class=\"fusion-clearfix\"><\/div><\/div><\/div><\/div><\/div><div class=\"fusion-fullwidth fullwidth-box fusion-builder-row-4 nonhundred-percent-fullwidth non-hundred-percent-height-scrolling gradient-container-4\" style=\"--awb-border-radius-top-left:0px;--awb-border-radius-top-right:0px;--awb-border-radius-bottom-right:0px;--awb-border-radius-bottom-left:0px;--awb-flex-wrap:wrap;\" ><div class=\"fusion-builder-row fusion-row\"><div class=\"fusion-layout-column fusion_builder_column fusion-builder-column-5 fusion_builder_column_1_3 1_3 fusion-one-third fusion-column-first\" style=\"--awb-bg-color:#000000;--awb-bg-color-hover:#000000;--awb-bg-size:cover;width:33.3333333333%;width:calc(33.3333333333% - ( ( 4% + 4% ) * 0.333333333333 ) );margin-right: 4%;\" id=\"flip-box-sladek\"><div class=\"fusion-column-wrapper fusion-column-has-shadow fusion-flex-column-wrapper-legacy\"><div class=\"fusion-flip-boxes flip-boxes row fusion-columns-1 flip-effect-classic equal-heights\"><div class=\"fusion-flip-box-wrapper fusion-column col-lg-12 col-md-12 col-sm-12\"><div class=\"fusion-flip-box flip-up\" tabindex=\"0\"><div class=\"flip-box-inner-wrapper\"><div class=\"flip-box-front\" style=\"--awb-border-size:0px;--awb-background-image-front:url(&#039;https:\/\/www.agroinnovationlab.com\/wp-content\/uploads\/2022\/06\/georg-sladek-1-225x300.jpeg&#039;);\"><div class=\"flip-box-front-inner\"><h2 class=\"flip-box-heading\">Your Content Goes Here<\/h2>Your Content Goes Here<\/div><\/div><div class=\"flip-box-back\" style=\"--awb-border-size:0px;\"><div class=\"flip-box-back-inner\">\n<p>Georg bereichert das Team mit seinem Blick von au\u00dfen und bringt seine zahlreichen Erfahrungen aus den Bereichen Landwirtschaft und Logistik ein. In Zusammenarbeit mit den Startups schafft er die Br\u00fccke zwischen Tradition und Innovation.<\/p>\n<\/div><\/div><\/div><\/div><\/div><\/div><div class=\"clearfix\"><\/div><div class=\"fusion-text fusion-text-3\"><p style=\"text-align: center;\"><span style=\"color: #ffffff;\"><strong>Georg Sladek<br \/>\n<\/strong><\/span><\/p>\n<p style=\"text-align: center;\"><span style=\"color: #ffffff;\">Gesch\u00e4ftsf\u00fchrer<\/span><\/p>\n<\/div><div class=\"fusion-clearfix\"><\/div><\/div><\/div><div class=\"fusion-layout-column fusion_builder_column fusion-builder-column-6 fusion_builder_column_1_3 1_3 fusion-one-third\" style=\"--awb-bg-color:#000000;--awb-bg-color-hover:#000000;--awb-bg-size:cover;width:33.3333333333%;width:calc(33.3333333333% - ( ( 4% + 4% ) * 0.333333333333 ) );margin-right: 4%;\"><div class=\"fusion-column-wrapper fusion-column-has-shadow fusion-flex-column-wrapper-legacy\"><div class=\"fusion-flip-boxes flip-boxes row fusion-columns-1 flip-effect-classic equal-heights\"><div class=\"fusion-flip-box-wrapper fusion-column col-lg-12 col-md-12 col-sm-12\"><div class=\"fusion-flip-box flip-up\" tabindex=\"0\"><div class=\"flip-box-inner-wrapper\"><div class=\"flip-box-front\" style=\"--awb-border-size:0px;--awb-background-image-front:url(&#039;https:\/\/www.agroinnovationlab.com\/wp-content\/uploads\/2023\/02\/PW-scaled-e1675863527729.jpg&#039;);\"><div class=\"flip-box-front-inner\"><h2 class=\"flip-box-heading\">Your Content Goes Here<\/h2>Your Content Goes Here<\/div><\/div><div class=\"flip-box-back\" style=\"--awb-border-size:0px;\"><div class=\"flip-box-back-inner\">\n<p>Mit seinen Erfahrungen aus der landwirtschaftlichen Praxis und dem breiten agrarischen Netzwerk bringt Peter wichtige Inputs, gemeinsam zukunftsf\u00e4hige Innovationen f\u00fcr die Landwirtschaft zu finden.<\/p>\n<\/div><\/div><\/div><\/div><\/div><\/div><div class=\"clearfix\"><\/div><div class=\"fusion-text fusion-text-4\"><p style=\"text-align: center;\"><span style=\"color: #ffffff;\"><strong>Peter Waldherr<br \/>\n<\/strong><\/span><\/p>\n<p style=\"text-align: center;\"><span style=\"color: #ffffff;\">\u00a0Innovationsmanager<\/span><\/p>\n<\/div><div class=\"fusion-clearfix\"><\/div><\/div><\/div><div class=\"fusion-layout-column fusion_builder_column fusion-builder-column-7 fusion_builder_column_1_3 1_3 fusion-one-third fusion-column-last\" style=\"--awb-bg-color:#000000;--awb-bg-color-hover:#000000;--awb-bg-size:cover;width:33.3333333333%;width:calc(33.3333333333% - ( ( 4% + 4% ) * 0.333333333333 ) );\"><div class=\"fusion-column-wrapper fusion-column-has-shadow fusion-flex-column-wrapper-legacy\"><div class=\"fusion-flip-boxes flip-boxes row fusion-columns-1 flip-effect-classic equal-heights\"><div class=\"fusion-flip-box-wrapper fusion-column col-lg-12 col-md-12 col-sm-12\"><div class=\"fusion-flip-box flip-up\" tabindex=\"0\"><div class=\"flip-box-inner-wrapper\"><div class=\"flip-box-front\" style=\"--awb-border-size:0px;--awb-background-image-front:url(&#039;https:\/\/www.agroinnovationlab.com\/wp-content\/uploads\/2023\/07\/Foto_FabianCamus-scaled-e1688733712657.jpg&#039;);\"><div class=\"flip-box-front-inner\"><h2 class=\"flip-box-heading\">Your Content Goes Here<\/h2>Your Content Goes Here<\/div><\/div><div class=\"flip-box-back\" style=\"--awb-border-size:0px;\"><div class=\"flip-box-back-inner\">\n<p>Mit seinem interdisziplin\u00e4ren Hintergrund in den Naturwissenschaften und der Agrar\u00f6konomie sowie seinen praktischen Erfahrungen in der Weinbranche, kann Fabian die vielf\u00e4ltige Innovationsarbeit des AIL erheblich bereichern.<\/p>\n<\/div><\/div><\/div><\/div><\/div><\/div><div class=\"clearfix\"><\/div><div class=\"fusion-text fusion-text-5\"><p style=\"text-align: center;\"><span style=\"color: #ffffff;\"><strong>Fabian Camus<br \/>\n<\/strong><\/span><\/p>\n<p style=\"text-align: center;\"><span style=\"color: #ffffff;\">Innovationsmanager<\/span><\/p>\n<\/div><div class=\"fusion-clearfix\"><\/div><\/div><\/div><div class=\"fusion-layout-column fusion_builder_column fusion-builder-column-8 fusion_builder_column_1_3 1_3 fusion-one-third fusion-column-first\" style=\"--awb-bg-color:#000000;--awb-bg-color-hover:#000000;--awb-bg-size:cover;width:33.3333333333%;width:calc(33.3333333333% - ( ( 4% + 4% ) * 0.333333333333 ) );margin-right: 4%;\"><div class=\"fusion-column-wrapper fusion-column-has-shadow fusion-flex-column-wrapper-legacy\"><div class=\"fusion-flip-boxes flip-boxes row fusion-columns-1 flip-effect-classic equal-heights\"><div class=\"fusion-flip-box-wrapper fusion-column col-lg-12 col-md-12 col-sm-12\"><div class=\"fusion-flip-box flip-up\" tabindex=\"0\"><div class=\"flip-box-inner-wrapper\"><div class=\"flip-box-front\" style=\"--awb-border-size:0px;--awb-background-image-front:url(&#039;https:\/\/www.agroinnovationlab.com\/wp-content\/uploads\/2024\/08\/Design-ohne-Titel-2024-08-06T115555.655.png&#039;);\"><div class=\"flip-box-front-inner\"><h2 class=\"flip-box-heading\">Your Content Goes Here<\/h2>Your Content Goes Here<\/div><\/div><div class=\"flip-box-back\" style=\"--awb-border-size:0px;\"><div class=\"flip-box-back-inner\">\n<div dir=\"auto\">\n<div dir=\"auto\">Mit ihrer internationalen Erfahrung in der Beratung, gekoppelt an ihre Leidenschaft f\u00fcr Nachhaltigkeit und Innovation, bringt Cl\u00e9mence neue Perspektiven und Ans\u00e4tze ins Team.<\/div>\n<\/div>\n<\/div><\/div><\/div><\/div><\/div><\/div><div class=\"clearfix\"><\/div><div class=\"fusion-text fusion-text-6\"><p style=\"text-align: center;\"><span style=\"color: #ffffff;\"><b>Cl\u00e9mence Olivier<\/b><\/span><\/p>\n<p style=\"text-align: center;\"><span style=\"color: #ffffff;\">\u00a0Innovationsmanagerin<\/span><\/p>\n<\/div><div class=\"fusion-clearfix\"><\/div><\/div><\/div><div class=\"fusion-layout-column fusion_builder_column fusion-builder-column-9 fusion_builder_column_1_3 1_3 fusion-one-third\" style=\"--awb-bg-color:#000000;--awb-bg-color-hover:#000000;--awb-bg-size:cover;width:33.3333333333%;width:calc(33.3333333333% - ( ( 4% + 4% ) * 0.333333333333 ) );margin-right: 4%;\"><div class=\"fusion-column-wrapper fusion-column-has-shadow fusion-flex-column-wrapper-legacy\"><div class=\"fusion-flip-boxes flip-boxes row fusion-columns-1 flip-effect-classic equal-heights\"><div class=\"fusion-flip-box-wrapper fusion-column col-lg-12 col-md-12 col-sm-12\"><div class=\"fusion-flip-box flip-up\" tabindex=\"0\"><div class=\"flip-box-inner-wrapper\"><div class=\"flip-box-front\" style=\"--awb-border-size:0px;--awb-background-image-front:url(&#039;https:\/\/www.agroinnovationlab.com\/wp-content\/uploads\/2023\/08\/Design-ohne-Titel.png&#039;);\"><div class=\"flip-box-front-inner\"><h2 class=\"flip-box-heading\">Your Content Goes Here<\/h2>Your Content Goes Here<\/div><\/div><div class=\"flip-box-back\" style=\"--awb-border-size:0px;\"><div class=\"flip-box-back-inner\">\n<p>Anna-Lena bringt ihre landwirtschaftliche Erfahrung und Marketing-Expertise ein, um das Team in organisatorischen und kreativen Fragen wirkungsvoll zu unterst\u00fctzen.<\/p>\n<\/div><\/div><\/div><\/div><\/div><\/div><div class=\"clearfix\"><\/div><div class=\"fusion-text fusion-text-7\"><p style=\"text-align: center;\"><span style=\"color: #ffffff;\"><strong>Anna-Lena Haller<br \/>\n<\/strong><\/span><\/p>\n<p style=\"text-align: center;\"><span style=\"color: #ffffff;\">Marketing &amp; Team-Assistenz<\/span><\/p>\n<\/div><div class=\"fusion-clearfix\"><\/div><\/div><\/div><div class=\"fusion-layout-column fusion_builder_column fusion-builder-column-10 fusion_builder_column_1_3 1_3 fusion-one-third fusion-column-last\" style=\"--awb-bg-color:#000000;--awb-bg-color-hover:#000000;--awb-bg-size:cover;width:33.3333333333%;width:calc(33.3333333333% - ( ( 4% + 4% ) * 0.333333333333 ) );\"><div class=\"fusion-column-wrapper fusion-column-has-shadow fusion-flex-column-wrapper-legacy\"><div class=\"fusion-flip-boxes flip-boxes row fusion-columns-1 flip-effect-classic equal-heights\"><div class=\"fusion-flip-box-wrapper fusion-column col-lg-12 col-md-12 col-sm-12\"><div class=\"fusion-flip-box flip-up\" tabindex=\"0\"><div class=\"flip-box-inner-wrapper\"><div class=\"flip-box-front\" style=\"--awb-border-size:0px;--awb-background-image-front:url(&#039;https:\/\/www.agroinnovationlab.com\/wp-content\/uploads\/2024\/05\/Design-ohne-Titel-14-1-293x300.png&#039;);\"><div class=\"flip-box-front-inner\"><h2 class=\"flip-box-heading\">Your Content Goes Here<\/h2>Your Content Goes Here<\/div><\/div><div class=\"flip-box-back\" style=\"--awb-border-size:0px;\"><div class=\"flip-box-back-inner\">\n<p>Pia bringt frischen Wind in das Team und bereichert das AIL mit viel Motivation und ihrem Hintergrund im Weinbau.<\/p>\n<\/div><\/div><\/div><\/div><\/div><\/div><div class=\"clearfix\"><\/div><div class=\"fusion-text fusion-text-8\"><p style=\"text-align: center;\"><span style=\"color: #ffffff;\"><strong>Pia Wunderer<br \/>\n<\/strong><\/span><\/p>\n<p style=\"text-align: center;\"><span style=\"color: #ffffff;\">Marketing und Innovation-Support<\/span><\/p>\n<\/div><div class=\"fusion-clearfix\"><\/div><\/div><\/div><\/div><\/div><div class=\"fusion-fullwidth fullwidth-box fusion-builder-row-5 nonhundred-percent-fullwidth non-hundred-percent-height-scrolling gradient-container-5\" style=\"--awb-border-radius-top-left:0px;--awb-border-radius-top-right:0px;--awb-border-radius-bottom-right:0px;--awb-border-radius-bottom-left:0px;--awb-padding-top:30px;--awb-padding-bottom:35px;--awb-background-image:linear-gradient(90deg, #005246 0%,#8bc9ad 100%);--awb-flex-wrap:wrap;\" ><div class=\"fusion-builder-row fusion-row\"><div class=\"fusion-layout-column fusion_builder_column fusion-builder-column-11 fusion_builder_column_1_1 1_1 fusion-one-full fusion-column-first fusion-column-last\" style=\"--awb-bg-size:cover;\"><div class=\"fusion-column-wrapper fusion-column-has-shadow fusion-flex-column-wrapper-legacy\"><div class=\"fusion-text fusion-text-9\"><h3 style=\"text-align: center;\"><span style=\"color: #ffffff;\">Offene Stellen<\/span><\/h3>\n<p style=\"text-align: center;\"><span style=\"color: #ffffff;\"><span style=\"font-weight: 400;\">Bist du innovativ, motiviert und ein kreativer Denker?<br \/>\n<\/span><span style=\"background-color: rgba(255, 255, 255, 0); font-family: var(--body_typography-font-family); font-size: var(--body_typography-font-size); font-style: var(--body_typography-font-style,normal); font-weight: var(--body_typography-font-weight); letter-spacing: var(--body_typography-letter-spacing);\">Hier findest du unsere aktuellen Stellenausschreibungen.<\/span><\/span><\/p>\n<\/div><div class=\"fusion-aligncenter\"><a class=\"fusion-button button-flat fusion-button-default-size button-custom fusion-button-default button-1 fusion-button-default-span fusion-button-default-type\" style=\"--button_accent_color:#ffffff;--button_accent_hover_color:#005246;--button_border_hover_color:#005246;--button_gradient_top_color:rgba(255,255,255,0);--button_gradient_bottom_color:rgba(255,255,255,0);--button_gradient_top_color_hover:#ffffff;--button_gradient_bottom_color_hover:#ffffff;--button_text_transform:uppercase;\" target=\"_self\" href=\"https:\/\/www.agroinnovationlab.com\/de\/ueber-uns\/stellenausschreibung\/\"><span class=\"fusion-button-text awb-button__text awb-button__text--default\">zu den Ausschreibungen<\/span><\/a><\/div><div class=\"fusion-clearfix\"><\/div><\/div><\/div><\/div><\/div><div class=\"fusion-fullwidth fullwidth-box fusion-builder-row-6 nonhundred-percent-fullwidth non-hundred-percent-height-scrolling gradient-container-6\" style=\"--awb-border-radius-top-left:0px;--awb-border-radius-top-right:0px;--awb-border-radius-bottom-right:0px;--awb-border-radius-bottom-left:0px;--awb-flex-wrap:wrap;\" ><div class=\"fusion-builder-row fusion-row\"><div class=\"fusion-layout-column fusion_builder_column fusion-builder-column-12 fusion_builder_column_1_1 1_1 fusion-one-full fusion-column-first fusion-column-last\" style=\"--awb-bg-size:cover;\"><div class=\"fusion-column-wrapper fusion-column-has-shadow fusion-flex-column-wrapper-legacy\"><div class=\"fusion-sep-clear\"><\/div><div class=\"fusion-separator fusion-full-width-sep\" style=\"margin-left: auto;margin-right: auto;margin-top:15px;margin-bottom:15px;width:100%;\"><\/div><div class=\"fusion-sep-clear\"><\/div><div class=\"fusion-clearfix\"><\/div><\/div><\/div><\/div><\/div><div class=\"fusion-fullwidth fullwidth-box fusion-builder-row-7 nonhundred-percent-fullwidth non-hundred-percent-height-scrolling gradient-container-7\" style=\"--awb-border-radius-top-left:0px;--awb-border-radius-top-right:0px;--awb-border-radius-bottom-right:0px;--awb-border-radius-bottom-left:0px;--awb-flex-wrap:wrap;\" ><div class=\"fusion-builder-row fusion-row\"><div class=\"fusion-layout-column fusion_builder_column fusion-builder-column-13 fusion_builder_column_4_5 4_5 fusion-four-fifth fusion-column-first\" style=\"--awb-bg-size:cover;width:80%;width:calc(80% - ( ( 4% ) * 0.8 ) );margin-right: 4%;\"><div class=\"fusion-column-wrapper fusion-column-has-shadow fusion-flex-column-wrapper-legacy\"><div class=\"fusion-text fusion-text-10\"><div class=\"col s12 m10 push-m2\">\n<h3 class=\"fusion-responsive-typography-calculated\" style=\"--fontsize: 48; line-height: 1.1;\" data-fontsize=\"48\" data-lineheight=\"52.8px\">Unsere Muttergesellschaft &#8211; RWA Raiffeisen Ware Austria AG<\/h3>\n<\/div>\n<div class=\"text-large col s12 m9 push-m2\">\n<p><span style=\"font-weight: 400;\">Die RWA Raiffeisen Ware Austria AG ist das Gro\u00dfhandels- und Dienstleistungsunternehmen der Lagerhaus-Genossenschaften in \u00d6sterreich mit \u00fcber 1.000 Vertriebsstandorten in Europa und Beteiligungen in Kroatien, Serbien, Slowenien, Rum\u00e4nien, Ungarn, Tschechien und der Slowakei. Mehr Informationen: <a href=\"http:\/\/www.rwa.at\" target=\"_blank\" rel=\"noopener noreferrer\">www.rwa.at<\/a><\/span><\/p>\n<\/div>\n<\/div><div class=\"fusion-clearfix\"><\/div><\/div><\/div><div class=\"fusion-layout-column fusion_builder_column fusion-builder-column-14 fusion_builder_column_1_6 1_6 fusion-one-sixth fusion-column-last\" style=\"--awb-bg-size:cover;width:16.6666666667%;width:calc(16.6666666667% - ( ( 4% ) * 0.166666666667 ) );\"><div class=\"fusion-column-wrapper fusion-column-has-shadow fusion-flex-column-wrapper-legacy\"><div class=\"fusion-clearfix\"><\/div><\/div><\/div><div class=\"fusion-layout-column fusion_builder_column fusion-builder-column-15 fusion_builder_column_1_6 1_6 fusion-one-sixth fusion-column-first\" style=\"--awb-bg-size:cover;width:16.6666666667%;width:calc(16.6666666667% - ( ( 4% + 4% ) * 0.166666666667 ) );margin-right: 4%;\"><div class=\"fusion-column-wrapper fusion-column-has-shadow fusion-flex-column-wrapper-legacy\"><div class=\"fusion-clearfix\"><\/div><\/div><\/div><div class=\"fusion-layout-column fusion_builder_column fusion-builder-column-16 fusion_builder_column_2_3 2_3 fusion-two-third\" style=\"--awb-bg-size:cover;width:66.6666666667%;width:calc(66.6666666667% - ( ( 4% + 4% ) * 0.666666666667 ) );margin-right: 4%;\"><div class=\"fusion-column-wrapper fusion-column-has-shadow fusion-flex-column-wrapper-legacy\"><div class=\"fusion-text fusion-text-11\"><div class=\"col s12 m10 push-m2\">\n<div class=\"col s12 m9 push-m2\">\n<p><strong>Marktzugang<\/strong><\/p>\n<\/div>\n<div class=\"text col s12 m6 push-m2\">\n<p>Unser Marktzugang umfasst \u00fcber 10 L\u00e4nder zus\u00e4tzlich zur DACH-Region; teils unmittelbar durch Niederlassungen unserer Muttergesellschaften, teils mittelbar via Kooperationen mit weiteren weltweit t\u00e4tigen Tochtergesellschaften der RWA, beispielsweise der Garant Tiernahrung GmbH, der Genol GmbH oder der Parga Park- und Gartentechnik GmbH.<\/p>\n<\/div>\n<\/div>\n<\/div><div class=\"fusion-clearfix\"><\/div><\/div><\/div><div class=\"fusion-layout-column fusion_builder_column fusion-builder-column-17 fusion_builder_column_1_6 1_6 fusion-one-sixth fusion-column-last\" style=\"--awb-bg-size:cover;width:16.6666666667%;width:calc(16.6666666667% - ( ( 4% + 4% ) * 0.166666666667 ) );\"><div class=\"fusion-column-wrapper fusion-column-has-shadow fusion-flex-column-wrapper-legacy\"><div class=\"fusion-clearfix\"><\/div><\/div><\/div><\/div><\/div><\/p>\n","protected":false},"excerpt":{"rendered":"","protected":false},"author":1,"featured_media":0,"parent":0,"menu_order":0,"comment_status":"closed","ping_status":"closed","template":"100-width.php","meta":{"footnotes":""},"class_list":["post-309","page","type-page","status-publish","hentry"],"_links":{"self":[{"href":"https:\/\/www.agroinnovationlab.com\/de\/wp-json\/wp\/v2\/pages\/309","targetHints":{"allow":["GET"]}}],"collection":[{"href":"https:\/\/www.agroinnovationlab.com\/de\/wp-json\/wp\/v2\/pages"}],"about":[{"href":"https:\/\/www.agroinnovationlab.com\/de\/wp-json\/wp\/v2\/types\/page"}],"author":[{"embeddable":true,"href":"https:\/\/www.agroinnovationlab.com\/de\/wp-json\/wp\/v2\/users\/1"}],"replies":[{"embeddable":true,"href":"https:\/\/www.agroinnovationlab.com\/de\/wp-json\/wp\/v2\/comments?post=309"}],"version-history":[{"count":11,"href":"https:\/\/www.agroinnovationlab.com\/de\/wp-json\/wp\/v2\/pages\/309\/revisions"}],"predecessor-version":[{"id":6016,"href":"https:\/\/www.agroinnovationlab.com\/de\/wp-json\/wp\/v2\/pages\/309\/revisions\/6016"}],"wp:attachment":[{"href":"https:\/\/www.agroinnovationlab.com\/de\/wp-json\/wp\/v2\/media?parent=309"}],"curies":[{"name":"wp","href":"https:\/\/api.w.org\/{rel}","templated":true}]}}