{"id":339,"date":"2020-06-10T09:26:37","date_gmt":"2020-06-10T07:26:37","guid":{"rendered":"https:\/\/agroinnovationlab.overlap.at\/?page_id=339"},"modified":"2024-08-12T10:34:44","modified_gmt":"2024-08-12T08:34:44","slug":"projekte","status":"publish","type":"page","link":"https:\/\/www.agroinnovationlab.com\/de\/projekte\/","title":{"rendered":"Projekte"},"content":{"rendered":"<p><div class=\"fusion-fullwidth fullwidth-box fusion-builder-row-1 nonhundred-percent-fullwidth non-hundred-percent-height-scrolling gradient-container-1\" style=\"--awb-border-radius-top-left:0px;--awb-border-radius-top-right:0px;--awb-border-radius-bottom-right:0px;--awb-border-radius-bottom-left:0px;--awb-flex-wrap:wrap;\" ><div class=\"fusion-builder-row fusion-row\"><div class=\"fusion-layout-column fusion_builder_column fusion-builder-column-0 fusion_builder_column_1_1 1_1 fusion-one-full fusion-column-first fusion-column-last\" style=\"--awb-bg-size:cover;\"><div class=\"fusion-column-wrapper fusion-column-has-shadow fusion-flex-column-wrapper-legacy\"><div class=\"fusion-menu-anchor\" id=\"implementiert\"><\/div><div class=\"fusion-text fusion-text-1\"><div class=\"col s12 m10 push-m2\">\n<h2 class=\"fusion-responsive-typography-calculated\" style=\"--fontsize: 40; line-height: 1.2;\" data-fontsize=\"40\" data-lineheight=\"48px\"><span style=\"background-color: rgba(255, 255, 255, 0); font-style: var(--body_typography-font-style,normal); font-weight: var(--body_typography-font-weight); letter-spacing: var(--body_typography-letter-spacing);\">Erfolgreich implementiert<\/span><\/h2>\n<\/div>\n<\/div><div class=\"fusion-text fusion-text-2\"><p>Durch die intensive Zusammenarbeit mit StartUps aber auch in Eigenentwicklung wurden zahlreiche Themen und Business Cases erarbeitet. Nach Erreichung der Marktreife wurden diese Projekte sowohl an den Konzern- als auch an den Eigenvertrieb der Unternehmen \u00fcbergeben.<\/p>\n<\/div><div class=\"fusion-clearfix\"><\/div><\/div><\/div><\/div><\/div><div class=\"fusion-fullwidth fullwidth-box fusion-builder-row-2 nonhundred-percent-fullwidth non-hundred-percent-height-scrolling gradient-container-2\" style=\"--awb-border-radius-top-left:0px;--awb-border-radius-top-right:0px;--awb-border-radius-bottom-right:0px;--awb-border-radius-bottom-left:0px;--awb-flex-wrap:wrap;\" ><div class=\"fusion-builder-row fusion-row\"><div class=\"fusion-layout-column fusion_builder_column fusion-builder-column-1 fusion_builder_column_1_6 1_6 fusion-one-sixth fusion-column-first fusion-no-small-visibility fusion-no-medium-visibility\" style=\"--awb-bg-size:cover;width:16.6666666667%;width:calc(16.6666666667% - ( ( 4% + 4% ) * 0.166666666667 ) );margin-right: 4%;\"><div class=\"fusion-column-wrapper fusion-column-has-shadow fusion-flex-column-wrapper-legacy\"><div class=\"fusion-clearfix\"><\/div><\/div><\/div><div class=\"fusion-layout-column fusion_builder_column fusion-builder-column-2 fusion_builder_column_2_3 2_3 fusion-two-third\" style=\"--awb-bg-size:cover;width:66.6666666667%;width:calc(66.6666666667% - ( ( 4% + 4% ) * 0.666666666667 ) );margin-right: 4%;\"><div class=\"fusion-column-wrapper fusion-column-has-shadow fusion-flex-column-wrapper-legacy\"><div class=\"fusion-text fusion-text-3\"><div class=\"col s12 m10 push-m2\">\n<div class=\"col s12 m9 push-m2\">\n<h4 class=\"\" style=\"--fontsize: 28; line-height: 1.36;\" data-fontsize=\"28\" data-lineheight=\"38.08px\">Autonome Hackroboter<\/h4>\n<p style=\"--fontsize: 28; line-height: 1.36;\">Arbeitskr\u00e4ftemangel und immer strengere Regulatorien machen den Einsatz von Robotern besonders in handarbeitsintensiven Kulturen attraktiv. Als exklusiver Vertriebspartner von naio technologies steht das Agro Innovation Lab den \u00f6sterreichischen Landwirten mit den Modellen Oz, Dino und Ted zur Verf\u00fcgung. Die Roboter sind im Garten-, Gem\u00fcse- und Weinbau zur mechanischen und autonomen Unkrautbek\u00e4mpfung einsetzbar. Gerne ber\u00e4t das Agro Innovation Lab zur Auswahl geeigneter Modelle, unterst\u00fctzt bei der Suche nach F\u00f6rderungen und begleitet den Einsatz der Roboter.<\/p>\n<\/div>\n<\/div>\n<\/div><div class=\"fusion-button-wrapper\"><a class=\"fusion-button button-flat fusion-button-default-size button-default fusion-button-default button-1 fusion-button-default-span fusion-button-default-type\" target=\"_blank\" rel=\"noopener noreferrer\" href=\"mailto:smartfarming@agroinnolab.com\"><span class=\"fusion-button-text awb-button__text awb-button__text--default\">unverbindlich anfragen<\/span><\/a><\/div><div class=\"fusion-clearfix\"><\/div><\/div><\/div><div class=\"fusion-layout-column fusion_builder_column fusion-builder-column-3 fusion_builder_column_1_6 1_6 fusion-one-sixth fusion-column-last fusion-no-small-visibility fusion-no-medium-visibility\" style=\"--awb-bg-size:cover;width:16.6666666667%;width:calc(16.6666666667% - ( ( 4% + 4% ) * 0.166666666667 ) );\"><div class=\"fusion-column-wrapper fusion-column-has-shadow fusion-flex-column-wrapper-legacy\"><div class=\"fusion-clearfix\"><\/div><\/div><\/div><div class=\"fusion-layout-column fusion_builder_column fusion-builder-column-4 fusion_builder_column_2_3 2_3 fusion-two-third fusion-column-first\" style=\"--awb-bg-size:cover;width:66.6666666667%;width:calc(66.6666666667% - ( ( 4% ) * 0.666666666667 ) );margin-right: 4%;\"><div class=\"fusion-column-wrapper fusion-column-has-shadow fusion-flex-column-wrapper-legacy\"><div class=\"fusion-text fusion-text-4\"><div class=\"col s12 m10 push-m2\">\n<div class=\"col s12 m9 push-m2\">\n<h4 class=\"\" style=\"--fontsize: 28; line-height: 1.36;\" data-fontsize=\"28\" data-lineheight=\"38.08px\">Trichogrammaausbringung<\/h4>\n<p style=\"--fontsize: 28; line-height: 1.36;\">Der Maisz\u00fcnsler stellt f\u00fcr die Landwirte eine ernste Bedrohung dar. Neben der vorbeugenden mechanischen Bodenbearbeitung und der Behandlung mit Insektiziden ist vor allem die Ausbringung von Trichogramma-Schlupfwespen ein erfolgreiches Mittel im Kampf gegen den Sch\u00e4dling. Mit Hilfe von Drohnen bringen wir die N\u00fctzlinge pr\u00e4zise und effizient \u00fcber den Maisfl\u00e4chen aus und schaffen somit eine nachhaltige, innovative Alternative.<\/p>\n<\/div>\n<\/div>\n<\/div><div class=\"fusion-button-wrapper\"><a class=\"fusion-button button-flat fusion-button-default-size button-default fusion-button-default button-2 fusion-button-default-span fusion-button-default-type\" target=\"_blank\" rel=\"noopener noreferrer\" href=\"https:\/\/www.onfarming.at\/inhalt\/sortiment-ratgeber\/ratgeber\/landwirte\/ackerbau\/pflanzenschutz\/nutzlinge-gegen-den-maiszunsler\"><span class=\"fusion-button-text awb-button__text awb-button__text--default\">zum Service<\/span><\/a><\/div><div class=\"fusion-clearfix\"><\/div><\/div><\/div><div class=\"fusion-layout-column fusion_builder_column fusion-builder-column-5 fusion_builder_column_1_3 1_3 fusion-one-third fusion-column-last fusion-no-small-visibility fusion-no-medium-visibility\" style=\"--awb-bg-size:cover;width:33.3333333333%;width:calc(33.3333333333% - ( ( 4% ) * 0.333333333333 ) );\"><div class=\"fusion-column-wrapper fusion-column-has-shadow fusion-flex-column-wrapper-legacy\"><div class=\"fusion-clearfix\"><\/div><\/div><\/div><div class=\"fusion-layout-column fusion_builder_column fusion-builder-column-6 fusion_builder_column_2_3 2_3 fusion-two-third fusion-column-first\" style=\"--awb-bg-size:cover;width:66.6666666667%;width:calc(66.6666666667% - ( ( 4% ) * 0.666666666667 ) );margin-right: 4%;\"><div class=\"fusion-column-wrapper fusion-column-has-shadow fusion-flex-column-wrapper-legacy\"><div class=\"fusion-text fusion-text-5\"><div class=\"col s12 m10 push-m2\">\n<div class=\"col s12 m9 push-m2\">\n<h4 class=\"fusion-responsive-typography-calculated\" style=\"--fontsize: 28; line-height: 1.36;\" data-fontsize=\"28\" data-lineheight=\"38.08px\">Bodenprobenservice<\/h4>\n<p style=\"--fontsize: 28; line-height: 1.36;\">Der Boden ist eine unverr\u00fcckbare Ertragsgrundlage. Dementsprechend bedeutend ist auch eine aktuelle Einsch\u00e4tzung des Bodenzustands. Dazu bieten wir ein umfassendes Service zur Bodenprobenziehung an. Von der Vorausplanung und Beratung, der georeferenzierten Bodenprobenziehung selbst, bis hin zur Analyse der gesammelten Mischproben. Abgerundet wird das Service durch eine D\u00fcngeberatung der einzelnen Lagerh\u00e4user.<\/p>\n<\/div>\n<\/div>\n<\/div><div class=\"fusion-button-wrapper\"><a class=\"fusion-button button-flat fusion-button-default-size button-default fusion-button-default button-3 fusion-button-default-span fusion-button-default-type\" target=\"_blank\" rel=\"noopener noreferrer\" href=\"https:\/\/www.lagerhaus.at\/tipps-tricks\/a\/bodenuntersuchung-und-bodenanalyse\"><span class=\"fusion-button-text awb-button__text awb-button__text--default\">zum Service<\/span><\/a><\/div><div class=\"fusion-clearfix\"><\/div><\/div><\/div><div class=\"fusion-layout-column fusion_builder_column fusion-builder-column-7 fusion_builder_column_1_4 1_4 fusion-one-fourth fusion-column-last fusion-no-small-visibility fusion-no-medium-visibility\" style=\"--awb-bg-size:cover;width:25%;width:calc(25% - ( ( 4% ) * 0.25 ) );\"><div class=\"fusion-column-wrapper fusion-column-has-shadow fusion-flex-column-wrapper-legacy\"><div class=\"fusion-clearfix\"><\/div><\/div><\/div><div class=\"fusion-layout-column fusion_builder_column fusion-builder-column-8 fusion_builder_column_2_3 2_3 fusion-two-third fusion-column-first\" style=\"--awb-bg-size:cover;width:66.6666666667%;width:calc(66.6666666667% - ( ( 4% ) * 0.666666666667 ) );margin-right: 4%;\"><div class=\"fusion-column-wrapper fusion-column-has-shadow fusion-flex-column-wrapper-legacy\"><div class=\"fusion-text fusion-text-6\"><div class=\"col s12 m10 push-m2\">\n<div class=\"col s12 m9 push-m2\">\n<h4 class=\"fusion-responsive-typography-calculated\" style=\"--fontsize: 28; line-height: 1.36;\" data-fontsize=\"28\" data-lineheight=\"38.08px\">Teilfl\u00e4chenspezifische Bewirtschaftung<\/h4>\n<p style=\"--fontsize: 28; line-height: 1.36;\">Bei der teilfl\u00e4chenspezifischen Bewirtschaftung wird ein gesamter Ackerschlag in mehrere Teilfl\u00e4chen unterteilt und dementsprechend kleinr\u00e4umig angepasst bewirtschaftet. Zu diesem Thema haben wir im Rahmen einer zweij\u00e4hrigen Machbarkeitsstudie innerhalb der RWA, des Lagerhaus Technik Centers und der Lagerh\u00e4user Know-how im Bereich Aussaat und D\u00fcngung, gemeinsam mit neun teilnehmenden Landwirten, aufgebaut. Bei Interesse k\u00f6nnen wir Sie bei der Umsetzung, z.B. Erstellung von Applikationskarten, unterst\u00fctzen.<\/p>\n<\/div>\n<\/div>\n<\/div><div class=\"fusion-button-wrapper\"><a class=\"fusion-button button-flat fusion-button-default-size button-default fusion-button-default button-4 fusion-button-default-span fusion-button-default-type\" target=\"_blank\" rel=\"noopener noreferrer\" href=\"https:\/\/www.lagerhaus.at\/tipps-tricks\/a\/teilflachenspezifische-bewirtschaftung\"><span class=\"fusion-button-text awb-button__text awb-button__text--default\">zum Service<\/span><\/a><\/div><div class=\"fusion-clearfix\"><\/div><\/div><\/div><\/div><\/div><div class=\"fusion-fullwidth fullwidth-box fusion-builder-row-3 nonhundred-percent-fullwidth non-hundred-percent-height-scrolling gradient-container-3\" style=\"--awb-border-radius-top-left:0px;--awb-border-radius-top-right:0px;--awb-border-radius-bottom-right:0px;--awb-border-radius-bottom-left:0px;--awb-flex-wrap:wrap;\" ><div class=\"fusion-builder-row fusion-row\"><div class=\"fusion-layout-column fusion_builder_column fusion-builder-column-9 fusion_builder_column_1_6 1_6 fusion-one-sixth fusion-column-first fusion-no-small-visibility fusion-no-medium-visibility\" style=\"--awb-bg-size:cover;width:16.6666666667%;width:calc(16.6666666667% - ( ( 4% + 4% ) * 0.166666666667 ) );margin-right: 4%;\"><div class=\"fusion-column-wrapper fusion-column-has-shadow fusion-flex-column-wrapper-legacy\"><div class=\"fusion-clearfix\"><\/div><\/div><\/div><div class=\"fusion-layout-column fusion_builder_column fusion-builder-column-10 fusion_builder_column_2_3 2_3 fusion-two-third\" style=\"--awb-bg-size:cover;width:66.6666666667%;width:calc(66.6666666667% - ( ( 4% + 4% ) * 0.666666666667 ) );margin-right: 4%;\"><div class=\"fusion-column-wrapper fusion-column-has-shadow fusion-flex-column-wrapper-legacy\"><div class=\"fusion-text fusion-text-7\"><div class=\"col s12 m10 push-m2\">\n<div class=\"col s12 m9 push-m2\">\n<h4 class=\"fusion-responsive-typography-calculated\" style=\"--fontsize: 28; line-height: 1.36;\" data-fontsize=\"28\" data-lineheight=\"38.08px\">LH Wetter App<\/h4>\n<p style=\"--fontsize: 28; line-height: 1.36;\">Klima, Wetter und ihre saisonale und regionale Variabilit\u00e4t beeinflussen das Ertragspotenzial sowie die Qualit\u00e4t der Ernte von Nutzpflanzen. Die Lagerh\u00e4user in Nieder\u00f6sterreich betreiben ein dichtes Netz von \u00fcber 80 Wetterstationen, die ihnen aktuell und rund um die Uhr Niederschlag, Temperatur, Sonnenstunden und Wind auf der Lagerhaus Wetter-App anzeigen.<\/p>\n<\/div>\n<\/div>\n<\/div><div class=\"fusion-button-wrapper\"><a class=\"fusion-button button-flat fusion-button-default-size button-default fusion-button-default button-5 fusion-button-default-span fusion-button-default-type\" target=\"_blank\" rel=\"noopener noreferrer\" href=\"https:\/\/www.lagerhaus.at\/sortiment\/a\/lagerhaus-wetter?q=wetter+app&amp;fllayout=content\"><span class=\"fusion-button-text awb-button__text awb-button__text--default\">zum Service<\/span><\/a><\/div><div class=\"fusion-clearfix\"><\/div><\/div><\/div><div class=\"fusion-layout-column fusion_builder_column fusion-builder-column-11 fusion_builder_column_1_6 1_6 fusion-one-sixth fusion-column-last fusion-no-small-visibility fusion-no-medium-visibility\" style=\"--awb-bg-size:cover;width:16.6666666667%;width:calc(16.6666666667% - ( ( 4% + 4% ) * 0.166666666667 ) );\"><div class=\"fusion-column-wrapper fusion-column-has-shadow fusion-flex-column-wrapper-legacy\"><div class=\"fusion-clearfix\"><\/div><\/div><\/div><div class=\"fusion-layout-column fusion_builder_column fusion-builder-column-12 fusion_builder_column_1_3 1_3 fusion-one-third fusion-column-first fusion-no-small-visibility fusion-no-medium-visibility\" style=\"--awb-bg-size:cover;width:33.3333333333%;width:calc(33.3333333333% - ( ( 4% ) * 0.333333333333 ) );margin-right: 4%;\"><div class=\"fusion-column-wrapper fusion-column-has-shadow fusion-flex-column-wrapper-legacy\"><div class=\"fusion-clearfix\"><\/div><\/div><\/div><div class=\"fusion-layout-column fusion_builder_column fusion-builder-column-13 fusion_builder_column_2_3 2_3 fusion-two-third fusion-column-last\" style=\"--awb-bg-size:cover;width:66.6666666667%;width:calc(66.6666666667% - ( ( 4% ) * 0.666666666667 ) );\"><div class=\"fusion-column-wrapper fusion-column-has-shadow fusion-flex-column-wrapper-legacy\"><div class=\"fusion-text fusion-text-8\"><div class=\"col s12 m10 push-m2\">\n<div class=\"col s12 m9 push-m2\">\n<h4 class=\"fusion-responsive-typography-calculated\" style=\"--fontsize: 28; line-height: 1.36;\" data-fontsize=\"28\" data-lineheight=\"38.08px\">FarmHedge<\/h4>\n<p style=\"--fontsize: 28; line-height: 1.36;\">FarmHedge ist der neue Handels- und Kommunikationskanal der Lagerh\u00e4user. Ausgew\u00e4hlte Betriebsmittel zu kaufen oder landwirtschaftliche Erzeugnisse zu verkaufen ist mit der FarmHedge-App ganz einfach. Damit erhalten Sie jederzeit Angebote von Ihrem teilnehmenden Lagerhaus. Je nach Saison bekommen Sie ausgew\u00e4hlte Angebote aus verschiedenen Bereichen wie beispielsweise Ackerbau, Technik oder Weinbau. Mit der App ist es auch m\u00f6glich, Ihre Erzeugnisse einfach und direkt zu verkaufen.<\/p>\n<\/div>\n<\/div>\n<\/div><div class=\"fusion-button-wrapper\"><a class=\"fusion-button button-flat fusion-button-default-size button-default fusion-button-default button-6 fusion-button-default-span fusion-button-default-type\" target=\"_blank\" rel=\"noopener noreferrer\" href=\"https:\/\/www.lagerhaus.at\/sortiment\/a\/mobiler-agrarhandel-mit-farmhedge?q=farmhedge&amp;fllayout=content \"><span class=\"fusion-button-text awb-button__text awb-button__text--default\">zum Service<\/span><\/a><\/div><div class=\"fusion-clearfix\"><\/div><\/div><\/div><div class=\"fusion-layout-column fusion_builder_column fusion-builder-column-14 fusion_builder_column_1_4 1_4 fusion-one-fourth fusion-column-first fusion-no-small-visibility fusion-no-medium-visibility\" style=\"--awb-bg-size:cover;width:25%;width:calc(25% - ( ( 4% ) * 0.25 ) );margin-right: 4%;\"><div class=\"fusion-column-wrapper fusion-column-has-shadow fusion-flex-column-wrapper-legacy\"><div class=\"fusion-clearfix\"><\/div><\/div><\/div><div class=\"fusion-layout-column fusion_builder_column fusion-builder-column-15 fusion_builder_column_2_3 2_3 fusion-two-third fusion-column-last\" style=\"--awb-bg-size:cover;width:66.6666666667%;width:calc(66.6666666667% - ( ( 4% ) * 0.666666666667 ) );\"><div class=\"fusion-column-wrapper fusion-column-has-shadow fusion-flex-column-wrapper-legacy\"><div class=\"fusion-text fusion-text-9\"><div class=\"col s12 m10 push-m2\">\n<div class=\"col s12 m9 push-m2\">\n<h4 class=\"\" style=\"--fontsize: 28; line-height: 1.36;\" data-fontsize=\"28\" data-lineheight=\"38.08px\">BartsParts<\/h4>\n<p style=\"--fontsize: 28; line-height: 1.36;\">BartsParts.eu ist ein Webshop f\u00fcr langsam drehende Ersatzteile im Bereich Land- und Gartentechnik. BartsParts vereint dabei dezentral gelagerte Ersatzteile zu einem vernetzten, digitalen Ersatzteillager und vermittelt diese an K\u00e4ufer auf der ganzen Welt. Lokale Ersatzteill\u00e4ger k\u00f6nnen somit ihren Altbestand verwerten. Kunden k\u00f6nnen aus einem gro\u00dfen Angebot Ersatzteile mit hohem Rabatt erwerben.<\/p>\n<\/div>\n<\/div>\n<\/div><div class=\"fusion-button-wrapper\"><a class=\"fusion-button button-flat fusion-button-default-size button-default fusion-button-default button-7 fusion-button-default-span fusion-button-default-type\" target=\"_blank\" rel=\"noopener noreferrer\" href=\"https:\/\/www.bartparts.de\/\"><span class=\"fusion-button-text awb-button__text awb-button__text--default\">zum Service<\/span><\/a><\/div><div class=\"fusion-clearfix\"><\/div><\/div><\/div><\/div><\/div><div class=\"fusion-fullwidth fullwidth-box fusion-builder-row-4 nonhundred-percent-fullwidth non-hundred-percent-height-scrolling gradient-container-4\" style=\"--awb-border-radius-top-left:0px;--awb-border-radius-top-right:0px;--awb-border-radius-bottom-right:0px;--awb-border-radius-bottom-left:0px;--awb-flex-wrap:wrap;\" ><div class=\"fusion-builder-row fusion-row\"><div class=\"fusion-layout-column fusion_builder_column fusion-builder-column-16 fusion_builder_column_1_1 1_1 fusion-one-full fusion-column-first fusion-column-last\" style=\"--awb-bg-size:cover;\"><div class=\"fusion-column-wrapper fusion-column-has-shadow fusion-flex-column-wrapper-legacy\"><div class=\"fusion-sep-clear\"><\/div><div class=\"fusion-separator fusion-full-width-sep\" style=\"margin-left: auto;margin-right: auto;width:100%;\"><\/div><div class=\"fusion-sep-clear\"><\/div><div class=\"fusion-clearfix\"><\/div><\/div><\/div><\/div><\/div><div class=\"fusion-fullwidth fullwidth-box fusion-builder-row-5 nonhundred-percent-fullwidth non-hundred-percent-height-scrolling gradient-container-5\" style=\"--awb-border-radius-top-left:0px;--awb-border-radius-top-right:0px;--awb-border-radius-bottom-right:0px;--awb-border-radius-bottom-left:0px;--awb-flex-wrap:wrap;\" ><div class=\"fusion-builder-row fusion-row\"><div class=\"fusion-layout-column fusion_builder_column fusion-builder-column-17 fusion_builder_column_1_1 1_1 fusion-one-full fusion-column-first fusion-column-last\" style=\"--awb-bg-size:cover;\"><div class=\"fusion-column-wrapper fusion-column-has-shadow fusion-flex-column-wrapper-legacy\"><div class=\"fusion-sep-clear\"><\/div><div class=\"fusion-separator fusion-full-width-sep\" style=\"margin-left: auto;margin-right: auto;margin-top:15px;margin-bottom:15px;width:100%;\"><\/div><div class=\"fusion-sep-clear\"><\/div><div class=\"fusion-clearfix\"><\/div><\/div><\/div><\/div><\/div><div class=\"fusion-fullwidth fullwidth-box fusion-builder-row-6 nonhundred-percent-fullwidth non-hundred-percent-height-scrolling gradient-container-6\" style=\"--awb-border-radius-top-left:0px;--awb-border-radius-top-right:0px;--awb-border-radius-bottom-right:0px;--awb-border-radius-bottom-left:0px;--awb-flex-wrap:wrap;\" ><div class=\"fusion-builder-row fusion-row\"><div class=\"fusion-layout-column fusion_builder_column fusion-builder-column-18 fusion_builder_column_2_3 2_3 fusion-two-third fusion-column-first\" style=\"--awb-bg-size:cover;width:66.6666666667%;width:calc(66.6666666667% - ( ( 4% ) * 0.666666666667 ) );margin-right: 4%;\"><div class=\"fusion-column-wrapper fusion-column-has-shadow fusion-flex-column-wrapper-legacy\"><div class=\"fusion-menu-anchor\" id=\"invalidierung\"><\/div><div class=\"fusion-text fusion-text-10\"><div class=\"col s12 m10 push-m2\">\n<h2 class=\"fusion-responsive-typography-calculated\" style=\"--fontsize: 40; line-height: 1.2;\" data-fontsize=\"40\" data-lineheight=\"48px\"><span style=\"background-color: rgba(255, 255, 255, 0); font-style: var(--body_typography-font-style,normal); font-weight: var(--body_typography-font-weight); letter-spacing: var(--body_typography-letter-spacing);\">In Validierung<\/span><\/h2>\n<\/div>\n<\/div><div class=\"fusion-clearfix\"><\/div><\/div><\/div><\/div><\/div><div class=\"fusion-fullwidth fullwidth-box fusion-builder-row-7 nonhundred-percent-fullwidth non-hundred-percent-height-scrolling gradient-container-7\" style=\"--awb-border-radius-top-left:0px;--awb-border-radius-top-right:0px;--awb-border-radius-bottom-right:0px;--awb-border-radius-bottom-left:0px;--awb-flex-wrap:wrap;\" ><div class=\"fusion-builder-row fusion-row\"><div class=\"fusion-layout-column fusion_builder_column fusion-builder-column-19 fusion_builder_column_1_6 1_6 fusion-one-sixth fusion-column-first fusion-no-small-visibility fusion-no-medium-visibility\" style=\"--awb-bg-size:cover;width:16.6666666667%;width:calc(16.6666666667% - ( ( 4% + 4% ) * 0.166666666667 ) );margin-right: 4%;\"><div class=\"fusion-column-wrapper fusion-column-has-shadow fusion-flex-column-wrapper-legacy\"><div class=\"fusion-clearfix\"><\/div><\/div><\/div><div class=\"fusion-layout-column fusion_builder_column fusion-builder-column-20 fusion_builder_column_2_3 2_3 fusion-two-third\" style=\"--awb-bg-size:cover;width:66.6666666667%;width:calc(66.6666666667% - ( ( 4% + 4% ) * 0.666666666667 ) );margin-right: 4%;\"><div class=\"fusion-column-wrapper fusion-column-has-shadow fusion-flex-column-wrapper-legacy\"><div class=\"fusion-text fusion-text-11\"><div class=\"col s12 m10 push-m2\">\n<div class=\"col s12 m9 push-m2\">\n<h4 class=\"fusion-responsive-typography-calculated\" style=\"--fontsize: 28; line-height: 1.36;\" data-fontsize=\"28\" data-lineheight=\"38.08px\">Borkenk\u00e4feranalyse<\/h4>\n<p>Der Borkenk\u00e4fer, als relevantester Sch\u00e4dling, stellt die gesamte Forstwirtschaft vor gro\u00dfe Herausforderungen. Der Klimawandel versch\u00e4rft die Situation zus\u00e4tzlich. Mittels gezielter Fr\u00fcherkennung durch Luftbildaufnahmen werden in Kooperation mit der Firma \u201cFestmeter\u201d unter Anwendung von k\u00fcnstlicher Intelligenz, befallene B\u00e4ume fr\u00fchzeitig erkannt und k\u00f6nnen dem Bestand entnommen werden. Damit kann die weitere Entwicklung einged\u00e4mmt und die Verbreitung verlangsamt werden.<\/p>\n<\/div>\n<\/div>\n<\/div><div class=\"fusion-clearfix\"><\/div><\/div><\/div><div class=\"fusion-layout-column fusion_builder_column fusion-builder-column-21 fusion_builder_column_1_6 1_6 fusion-one-sixth fusion-column-last fusion-no-small-visibility fusion-no-medium-visibility\" style=\"--awb-bg-size:cover;width:16.6666666667%;width:calc(16.6666666667% - ( ( 4% + 4% ) * 0.166666666667 ) );\"><div class=\"fusion-column-wrapper fusion-column-has-shadow fusion-flex-column-wrapper-legacy\"><div class=\"fusion-clearfix\"><\/div><\/div><\/div><div class=\"fusion-layout-column fusion_builder_column fusion-builder-column-22 fusion_builder_column_1_3 1_3 fusion-one-third fusion-column-first fusion-no-small-visibility fusion-no-medium-visibility\" style=\"--awb-bg-size:cover;width:33.3333333333%;width:calc(33.3333333333% - ( ( 4% ) * 0.333333333333 ) );margin-right: 4%;\"><div class=\"fusion-column-wrapper fusion-column-has-shadow fusion-flex-column-wrapper-legacy\"><div class=\"fusion-clearfix\"><\/div><\/div><\/div><div class=\"fusion-layout-column fusion_builder_column fusion-builder-column-23 fusion_builder_column_2_3 2_3 fusion-two-third fusion-column-last\" style=\"--awb-bg-size:cover;width:66.6666666667%;width:calc(66.6666666667% - ( ( 4% ) * 0.666666666667 ) );\"><div class=\"fusion-column-wrapper fusion-column-has-shadow fusion-flex-column-wrapper-legacy\"><div class=\"fusion-text fusion-text-12\"><div class=\"col s12 m10 push-m2\">\n<div class=\"col s12 m9 push-m2\">\n<h4 class=\"fusion-responsive-typography-calculated\" style=\"--fontsize: 28; line-height: 1.36;\" data-fontsize=\"28\" data-lineheight=\"38.08px\">Autonomes Gr\u00fcnfl\u00e4chenmanagement<\/h4>\n<p style=\"--fontsize: 28; line-height: 1.36;\">Aufgrund von drohenden Verboten f\u00fcr Herbizideins\u00e4tze sowie durch den steigenden Fachkr\u00e4ftemangel haben wir gemeinsam mit verschiedenen Herstellern von M\u00e4hrobotern (u. A. <a href=\"https:\/\/www.vitirover.fr\/en-home\" target=\"_blank\" rel=\"noopener noreferrer\">Vitirover<\/a>) Pilotversuche zum autonomen Gr\u00fcnfl\u00e4chenmanagement f\u00fcr landwirtschaftliche Gro\u00dffl\u00e4chen gestartet. In 2020 werden diese in verschiedenen Weing\u00e4rten und auch in einem Umspannwerk durchgef\u00fchrt. Erste Erfolge und eine hohe Kundennachfrage erlauben einen positiven Ausblick auf die baldige Kommerzialisierung der Dienstleistung f\u00fcr unsere Kunden.<\/p>\n<\/div>\n<\/div>\n<\/div><div class=\"fusion-clearfix\"><\/div><\/div><\/div><\/div><\/div><\/p>\n","protected":false},"excerpt":{"rendered":"","protected":false},"author":1,"featured_media":0,"parent":0,"menu_order":0,"comment_status":"closed","ping_status":"closed","template":"","meta":{"footnotes":""},"class_list":["post-339","page","type-page","status-publish","hentry"],"_links":{"self":[{"href":"https:\/\/www.agroinnovationlab.com\/de\/wp-json\/wp\/v2\/pages\/339","targetHints":{"allow":["GET"]}}],"collection":[{"href":"https:\/\/www.agroinnovationlab.com\/de\/wp-json\/wp\/v2\/pages"}],"about":[{"href":"https:\/\/www.agroinnovationlab.com\/de\/wp-json\/wp\/v2\/types\/page"}],"author":[{"embeddable":true,"href":"https:\/\/www.agroinnovationlab.com\/de\/wp-json\/wp\/v2\/users\/1"}],"replies":[{"embeddable":true,"href":"https:\/\/www.agroinnovationlab.com\/de\/wp-json\/wp\/v2\/comments?post=339"}],"version-history":[{"count":10,"href":"https:\/\/www.agroinnovationlab.com\/de\/wp-json\/wp\/v2\/pages\/339\/revisions"}],"predecessor-version":[{"id":5268,"href":"https:\/\/www.agroinnovationlab.com\/de\/wp-json\/wp\/v2\/pages\/339\/revisions\/5268"}],"wp:attachment":[{"href":"https:\/\/www.agroinnovationlab.com\/de\/wp-json\/wp\/v2\/media?parent=339"}],"curies":[{"name":"wp","href":"https:\/\/api.w.org\/{rel}","templated":true}]}}