{"id":356,"date":"2020-06-10T12:10:28","date_gmt":"2020-06-10T10:10:28","guid":{"rendered":"https:\/\/agroinnovationlab.overlap.at\/?page_id=356"},"modified":"2020-07-21T09:02:58","modified_gmt":"2020-07-21T07:02:58","slug":"suchfelder","status":"publish","type":"page","link":"https:\/\/www.agroinnovationlab.com\/de\/suchfelder\/","title":{"rendered":"Suchfelder"},"content":{"rendered":"<p><div class=\"fusion-fullwidth fullwidth-box fusion-builder-row-1 nonhundred-percent-fullwidth non-hundred-percent-height-scrolling gradient-container-1\" style=\"--awb-border-radius-top-left:0px;--awb-border-radius-top-right:0px;--awb-border-radius-bottom-right:0px;--awb-border-radius-bottom-left:0px;--awb-flex-wrap:wrap;\" ><div class=\"fusion-builder-row fusion-row\"><div class=\"fusion-layout-column fusion_builder_column fusion-builder-column-0 fusion_builder_column_1_6 1_6 fusion-one-sixth fusion-column-first fusion-no-small-visibility fusion-no-medium-visibility\" style=\"--awb-bg-size:cover;width:16.6666666667%;width:calc(16.6666666667% - ( ( 4% + 4% ) * 0.166666666667 ) );margin-right: 4%;\"><div class=\"fusion-column-wrapper fusion-column-has-shadow fusion-flex-column-wrapper-legacy\"><div class=\"fusion-clearfix\"><\/div><\/div><\/div><div class=\"fusion-layout-column fusion_builder_column fusion-builder-column-1 fusion_builder_column_2_3 2_3 fusion-two-third\" style=\"--awb-bg-size:cover;width:66.6666666667%;width:calc(66.6666666667% - ( ( 4% + 4% ) * 0.666666666667 ) );margin-right: 4%;\"><div class=\"fusion-column-wrapper fusion-column-has-shadow fusion-flex-column-wrapper-legacy\"><div class=\"fusion-text fusion-text-1\"><div class=\"col s12 m10 push-m2\">\n<h2 class=\"fusion-responsive-typography-calculated\" style=\"--fontsize: 40; line-height: 1.2;\" data-fontsize=\"40\" data-lineheight=\"48px\"><span style=\"background-color: rgba(255, 255, 255, 0); font-style: var(--body_typography-font-style,normal); font-weight: var(--body_typography-font-weight); letter-spacing: var(--body_typography-letter-spacing);\">Themenspektrum<\/span><\/h2>\n<p>An der Schnittstelle von Entwicklung und Implementierung neuartiger Technologien und Strategien im Agrarbereich suchen wir nach bahnbrechenden Innovationen aus der gesamten landwirtschaftlichen Wertsch\u00f6pfungskette. Bahnbrechend und richtungsweisend ist aus unserer Sicht eine Innovation dann, wenn sie entweder erhebliche Effizienzverbesserungen erm\u00f6glicht, ressourcenschonend wirkt oder wenn sie dazu geeignet ist, das Leben von Landwirten zu erleichtern. Unser Ziel ist es, innovativen StartUps und jungen Unternehmen zu sichtbarem und langfristigem Erfolg zu verhelfen, die Landwirtschaft im 21. Jahrhundert nachhaltig mitzugestalten und durch unser Wirken die Welt sukzessive zu verbessern.  <\/p>\n<\/div>\n<\/div><div class=\"fusion-clearfix\"><\/div><\/div><\/div><div class=\"fusion-layout-column fusion_builder_column fusion-builder-column-2 fusion_builder_column_1_6 1_6 fusion-one-sixth fusion-column-last fusion-no-small-visibility fusion-no-medium-visibility\" style=\"--awb-bg-size:cover;width:16.6666666667%;width:calc(16.6666666667% - ( ( 4% + 4% ) * 0.166666666667 ) );\"><div class=\"fusion-column-wrapper fusion-column-has-shadow fusion-flex-column-wrapper-legacy\"><div class=\"fusion-clearfix\"><\/div><\/div><\/div><\/div><\/div><div class=\"fusion-fullwidth fullwidth-box fusion-builder-row-2 nonhundred-percent-fullwidth non-hundred-percent-height-scrolling gradient-container-2\" style=\"--awb-border-radius-top-left:0px;--awb-border-radius-top-right:0px;--awb-border-radius-bottom-right:0px;--awb-border-radius-bottom-left:0px;--awb-flex-wrap:wrap;\" ><div class=\"fusion-builder-row fusion-row\"><div class=\"fusion-layout-column fusion_builder_column fusion-builder-column-3 fusion_builder_column_1_1 1_1 fusion-one-full fusion-column-first fusion-column-last\" style=\"--awb-bg-size:cover;\"><div class=\"fusion-column-wrapper fusion-column-has-shadow fusion-flex-column-wrapper-legacy\"><div class=\"fusion-title title fusion-title-1 fusion-sep-none fusion-title-text fusion-title-size-four\"><h4 class=\"fusion-title-heading title-heading-left fusion-responsive-typography-calculated\" style=\"margin:0;--fontSize:34.5;line-height:0.83;\">Unsere AgTech Suchfelder<\/h4><\/div><div class=\"fusion-text fusion-text-2\"><p>Das Agro Innovation Lab will die Zukunft der Landwirtschaft aktiv mitgestalten. Unsere Mission liegt in der F\u00f6rderung von neuen Technologien und Strategien, welche die Effizienz erh\u00f6hen, die ressourcenschonend wirken, oder schlicht dazu geeignet sind, das Leben von Landwirten und damit das Leben der Konsumenten bzw. Endkunden ma\u00dfgeblich zu erleichtern.<\/p>\n<\/div><div class=\"fusion-clearfix\"><\/div><\/div><\/div><div class=\"fusion-layout-column fusion_builder_column fusion-builder-column-4 fusion_builder_column_1_1 1_1 fusion-one-full fusion-column-first fusion-column-last icons-suchfelder\" style=\"--awb-padding-right:7%;--awb-padding-left:7%;--awb-bg-size:cover;\"><div class=\"fusion-column-wrapper fusion-column-has-shadow fusion-flex-column-wrapper-legacy\"><div class=\"fusion-sep-clear\"><\/div><div class=\"fusion-separator fusion-full-width-sep\" style=\"margin-left: auto;margin-right: auto;margin-top:10px;margin-bottom:25px;width:100%;\"><\/div><div class=\"fusion-sep-clear\"><\/div><div class=\"fusion-content-boxes content-boxes columns row fusion-columns-3 fusion-columns-total-3 fusion-content-boxes-1 content-boxes-icon-on-side content-left\" style=\"--awb-hover-accent-color:#65bc7b;--awb-circle-hover-accent-color:#65bc7b;\" data-animationOffset=\"top-into-view\"><div style=\"--awb-backgroundcolor:rgba(255,255,255,0);--awb-content-padding-left:110px;\" class=\"fusion-column content-box-column content-box-column content-box-column-1 col-lg-4 col-md-4 col-sm-4 fusion-content-box-hover content-box-column-first-in-row\"><div class=\"col content-box-wrapper content-wrapper link-area-link-icon content-icon-wrapper-yes icon-hover-animation-none\" data-animationOffset=\"top-into-view\"><div class=\"heading heading-with-icon icon-left\"><div aria-hidden=\"true\" class=\"image\"><img decoding=\"async\" src=\"https:\/\/www.agroinnovationlab.com\/wp-content\/uploads\/2020\/05\/AIL_Icons-rz_Landtechnik___Ag-Tech_Kopie.png\" width=\"90\" height=\"90\" alt=\"\" \/><\/div><\/div><div class=\"fusion-clearfix\"><\/div><div class=\"content-container\">\n<p style=\"font-size:18px\">Landtechnik<\/p>\n<\/div><\/div><\/div><div style=\"--awb-backgroundcolor:rgba(255,255,255,0);--awb-content-padding-left:110px;\" class=\"fusion-column content-box-column content-box-column content-box-column-2 col-lg-4 col-md-4 col-sm-4 fusion-content-box-hover \"><div class=\"col content-box-wrapper content-wrapper link-area-link-icon content-icon-wrapper-yes icon-hover-animation-none\" data-animationOffset=\"top-into-view\"><div class=\"heading heading-with-icon icon-left\"><div aria-hidden=\"true\" class=\"image\"><img decoding=\"async\" src=\"https:\/\/www.agroinnovationlab.com\/wp-content\/uploads\/2020\/05\/AIL_Icons-rz_BewA__sserung.png\" width=\"90\" height=\"90\" alt=\"\" \/><\/div><\/div><div class=\"fusion-clearfix\"><\/div><div class=\"content-container\">\n<p style=\"font-size:18px\">Bew\u00e4sserung<\/p>\n<\/div><\/div><\/div><div style=\"--awb-backgroundcolor:rgba(255,255,255,0);--awb-content-padding-left:110px;\" class=\"fusion-column content-box-column content-box-column content-box-column-3 col-lg-4 col-md-4 col-sm-4 fusion-content-box-hover content-box-column-last content-box-column-last-in-row\"><div class=\"col content-box-wrapper content-wrapper link-area-link-icon content-icon-wrapper-yes icon-hover-animation-none\" data-animationOffset=\"top-into-view\"><div class=\"heading heading-with-icon icon-left\"><div aria-hidden=\"true\" class=\"image\"><img decoding=\"async\" src=\"https:\/\/www.agroinnovationlab.com\/wp-content\/uploads\/2020\/05\/AIL_Icons-rz_Biologische_Landwirtschaft.png\" width=\"90\" height=\"90.54\" alt=\"\" \/><\/div><\/div><div class=\"fusion-clearfix\"><\/div><div class=\"content-container\">\n<p style=\"font-size:18px\">Biologische Landwirtschaft<\/p>\n<\/div><\/div><\/div><div class=\"fusion-clearfix\"><\/div><\/div><div class=\"fusion-content-boxes content-boxes columns row fusion-columns-3 fusion-columns-total-3 fusion-content-boxes-2 content-boxes-icon-on-side content-left\" style=\"--awb-hover-accent-color:#65bc7b;--awb-circle-hover-accent-color:#65bc7b;\" data-animationOffset=\"top-into-view\"><div style=\"--awb-backgroundcolor:rgba(255,255,255,0);--awb-content-padding-left:110px;\" class=\"fusion-column content-box-column content-box-column content-box-column-1 col-lg-4 col-md-4 col-sm-4 fusion-content-box-hover content-box-column-first-in-row\"><div class=\"col content-box-wrapper content-wrapper link-area-link-icon content-icon-wrapper-yes icon-hover-animation-none\" data-animationOffset=\"top-into-view\"><div class=\"heading heading-with-icon icon-left\"><div aria-hidden=\"true\" class=\"image\"><img decoding=\"async\" src=\"https:\/\/www.agroinnovationlab.com\/wp-content\/uploads\/2020\/05\/AIL_Icons-rz_Pflanzenproduktion.png\" width=\"90\" height=\"90.54\" alt=\"\" \/><\/div><\/div><div class=\"fusion-clearfix\"><\/div><div class=\"content-container\">\n<p style=\"font-size:18px\">Pflanzenproduktion<\/p>\n<\/div><\/div><\/div><div style=\"--awb-backgroundcolor:rgba(255,255,255,0);--awb-content-padding-left:110px;\" class=\"fusion-column content-box-column content-box-column content-box-column-2 col-lg-4 col-md-4 col-sm-4 fusion-content-box-hover \"><div class=\"col content-box-wrapper content-wrapper link-area-link-icon content-icon-wrapper-yes icon-hover-animation-none\" data-animationOffset=\"top-into-view\"><div class=\"heading heading-with-icon icon-left\"><div aria-hidden=\"true\" class=\"image\"><img decoding=\"async\" src=\"https:\/\/www.agroinnovationlab.com\/wp-content\/uploads\/2020\/05\/AIL_Icons-rz_Tierhaltung_und_Futtermittel.png\" width=\"90\" height=\"89.46\" alt=\"\" \/><\/div><\/div><div class=\"fusion-clearfix\"><\/div><div class=\"content-container\">\n<p style=\"font-size:18px\">Tierhaltung und Futtermittel<\/p>\n<\/div><\/div><\/div><div style=\"--awb-backgroundcolor:rgba(255,255,255,0);--awb-content-padding-left:110px;\" class=\"fusion-column content-box-column content-box-column content-box-column-3 col-lg-4 col-md-4 col-sm-4 fusion-content-box-hover content-box-column-last content-box-column-last-in-row\"><div class=\"col content-box-wrapper content-wrapper link-area-link-icon content-icon-wrapper-yes icon-hover-animation-none\" data-animationOffset=\"top-into-view\"><div class=\"heading heading-with-icon icon-left\"><div aria-hidden=\"true\" class=\"image\"><img decoding=\"async\" src=\"https:\/\/www.agroinnovationlab.com\/wp-content\/uploads\/2020\/05\/AIL_Icons-rz_Forstwirtschaft.png\" width=\"90\" height=\"90\" alt=\"\" \/><\/div><\/div><div class=\"fusion-clearfix\"><\/div><div class=\"content-container\">\n<p style=\"font-size:18px\">Forstwirtschaft<\/p>\n<\/div><\/div><\/div><div class=\"fusion-clearfix\"><\/div><\/div><div class=\"fusion-content-boxes content-boxes columns row fusion-columns-3 fusion-columns-total-3 fusion-content-boxes-3 content-boxes-icon-on-side content-left\" style=\"--awb-hover-accent-color:#65bc7b;--awb-circle-hover-accent-color:#65bc7b;\" data-animationOffset=\"top-into-view\"><div style=\"--awb-backgroundcolor:rgba(255,255,255,0);--awb-content-padding-left:110px;\" class=\"fusion-column content-box-column content-box-column content-box-column-1 col-lg-4 col-md-4 col-sm-4 fusion-content-box-hover content-box-column-first-in-row\"><div class=\"col content-box-wrapper content-wrapper link-area-link-icon content-icon-wrapper-yes icon-hover-animation-none\" data-animationOffset=\"top-into-view\"><div class=\"heading heading-with-icon icon-left\"><div aria-hidden=\"true\" class=\"image\"><img decoding=\"async\" src=\"https:\/\/www.agroinnovationlab.com\/wp-content\/uploads\/2020\/05\/AIL_Icons-rz_Agrarzeugnishandel.png\" width=\"90\" height=\"90\" alt=\"\" \/><\/div><\/div><div class=\"fusion-clearfix\"><\/div><div class=\"content-container\">\n<p style=\"font-size:18px\">Agrarerzeugnishandel<\/p>\n<\/div><\/div><\/div><div style=\"--awb-backgroundcolor:rgba(255,255,255,0);--awb-content-padding-left:110px;\" class=\"fusion-column content-box-column content-box-column content-box-column-2 col-lg-4 col-md-4 col-sm-4 fusion-content-box-hover \"><div class=\"col content-box-wrapper content-wrapper link-area-link-icon content-icon-wrapper-yes icon-hover-animation-none\" data-animationOffset=\"top-into-view\"><div class=\"heading heading-with-icon icon-left\"><div aria-hidden=\"true\" class=\"image\"><img decoding=\"async\" src=\"https:\/\/www.agroinnovationlab.com\/wp-content\/uploads\/2020\/05\/AIL_Icons-rz_Urban_Farming-1.png\" width=\"90\" height=\"90.54\" alt=\"\" \/><\/div><\/div><div class=\"fusion-clearfix\"><\/div><div class=\"content-container\">\n<p style=\"font-size:18px\">Urban Farming<\/p>\n<\/div><\/div><\/div><div style=\"--awb-backgroundcolor:rgba(255,255,255,0);--awb-content-padding-left:110px;\" class=\"fusion-column content-box-column content-box-column content-box-column-3 col-lg-4 col-md-4 col-sm-4 fusion-content-box-hover content-box-column-last content-box-column-last-in-row\"><div class=\"col content-box-wrapper content-wrapper link-area-link-icon content-icon-wrapper-yes icon-hover-animation-none\" data-animationOffset=\"top-into-view\"><div class=\"heading heading-with-icon icon-left\"><div aria-hidden=\"true\" class=\"image\"><img decoding=\"async\" src=\"https:\/\/www.agroinnovationlab.com\/wp-content\/uploads\/2020\/05\/AIL_Icons-rz_Smart_Farming.png\" width=\"90\" height=\"90\" alt=\"\" \/><\/div><\/div><div class=\"fusion-clearfix\"><\/div><div class=\"content-container\">\n<p style=\"font-size:18px\">Smart Farming<\/p>\n<\/div><\/div><\/div><div class=\"fusion-clearfix\"><\/div><\/div><div class=\"fusion-content-boxes content-boxes columns row fusion-columns-3 fusion-columns-total-3 fusion-content-boxes-4 content-boxes-icon-on-side content-left\" style=\"--awb-hover-accent-color:#65bc7b;--awb-circle-hover-accent-color:#65bc7b;\" data-animationOffset=\"top-into-view\"><div style=\"--awb-backgroundcolor:rgba(255,255,255,0);--awb-content-padding-left:110px;\" class=\"fusion-column content-box-column content-box-column content-box-column-1 col-lg-4 col-md-4 col-sm-4 fusion-content-box-hover content-box-column-first-in-row\"><div class=\"col content-box-wrapper content-wrapper link-area-link-icon content-icon-wrapper-yes icon-hover-animation-none\" data-animationOffset=\"top-into-view\"><div class=\"heading heading-with-icon icon-left\"><div aria-hidden=\"true\" class=\"image\"><img decoding=\"async\" src=\"https:\/\/www.agroinnovationlab.com\/wp-content\/uploads\/2020\/05\/AIL_Icons-rz_Internet_der_Dinge___Machine2Machine_Kommunikation.png\" width=\"90\" height=\"90\" alt=\"\" \/><\/div><\/div><div class=\"fusion-clearfix\"><\/div><div class=\"content-container\">\n<p style=\"font-size:18px\">Internet der Dinge &amp; Konnektivit\u00e4t<\/p>\n<\/div><\/div><\/div><div style=\"--awb-backgroundcolor:rgba(255,255,255,0);--awb-content-padding-left:110px;\" class=\"fusion-column content-box-column content-box-column content-box-column-2 col-lg-4 col-md-4 col-sm-4 fusion-content-box-hover \"><div class=\"col content-box-wrapper content-wrapper link-area-link-icon content-icon-wrapper-yes icon-hover-animation-none\" data-animationOffset=\"top-into-view\"><div class=\"heading heading-with-icon icon-left\"><div aria-hidden=\"true\" class=\"image\"><img decoding=\"async\" src=\"https:\/\/www.agroinnovationlab.com\/wp-content\/uploads\/2020\/05\/AIL_Icons-rz_Big_Data_und_Decision_Support_Systeme.png\" width=\"90\" height=\"89.46\" alt=\"\" \/><\/div><\/div><div class=\"fusion-clearfix\"><\/div><div class=\"content-container\">\n<p style=\"font-size:18px\">Big Data und Decision Support Systeme<\/p>\n<\/div><\/div><\/div><div style=\"--awb-backgroundcolor:rgba(255,255,255,0);--awb-content-padding-left:110px;\" class=\"fusion-column content-box-column content-box-column content-box-column-3 col-lg-4 col-md-4 col-sm-4 fusion-content-box-hover content-box-column-last content-box-column-last-in-row\"><div class=\"col content-box-wrapper content-wrapper link-area-link-icon content-icon-wrapper-yes icon-hover-animation-none\" data-animationOffset=\"top-into-view\"><div class=\"heading heading-with-icon icon-left\"><div aria-hidden=\"true\" class=\"image\"><img decoding=\"async\" src=\"https:\/\/www.agroinnovationlab.com\/wp-content\/uploads\/2020\/05\/AIL_Icons-rz_ErnA__hrung.png\" width=\"90\" height=\"90\" alt=\"\" \/><\/div><\/div><div class=\"fusion-clearfix\"><\/div><div class=\"content-container\">\n<p style=\"font-size:18px\">Ern\u00e4hrung<\/p>\n<\/div><\/div><\/div><div class=\"fusion-clearfix\"><\/div><\/div><div class=\"fusion-content-boxes content-boxes columns row fusion-columns-3 fusion-columns-total-2 fusion-content-boxes-5 content-boxes-icon-on-side content-left\" style=\"--awb-hover-accent-color:#65bc7b;--awb-circle-hover-accent-color:#65bc7b;\" data-animationOffset=\"top-into-view\"><div style=\"--awb-backgroundcolor:rgba(255,255,255,0);--awb-content-padding-left:110px;\" class=\"fusion-column content-box-column content-box-column content-box-column-1 col-lg-4 col-md-4 col-sm-4 fusion-content-box-hover content-box-column-first-in-row\"><div class=\"col content-box-wrapper content-wrapper link-area-link-icon content-icon-wrapper-yes icon-hover-animation-none\" data-animationOffset=\"top-into-view\"><div class=\"heading heading-with-icon icon-left\"><div aria-hidden=\"true\" class=\"image\"><img decoding=\"async\" src=\"https:\/\/www.agroinnovationlab.com\/wp-content\/uploads\/2020\/05\/AIL_Icons-rz_Supply_Chain_Management___Logistik.png\" width=\"90\" height=\"90\" alt=\"\" \/><\/div><\/div><div class=\"fusion-clearfix\"><\/div><div class=\"content-container\">\n<p style=\"font-size:18px\">Supply Chain Management &amp; Logistik<\/p>\n<\/div><\/div><\/div><div style=\"--awb-backgroundcolor:rgba(255,255,255,0);--awb-content-padding-left:110px;\" class=\"fusion-column content-box-column content-box-column content-box-column-2 col-lg-4 col-md-4 col-sm-4 fusion-content-box-hover content-box-column-last\"><div class=\"col content-box-wrapper content-wrapper link-area-link-icon content-icon-wrapper-yes icon-hover-animation-none\" data-animationOffset=\"top-into-view\"><div class=\"heading heading-with-icon icon-left\"><div aria-hidden=\"true\" class=\"image\"><img decoding=\"async\" src=\"https:\/\/www.agroinnovationlab.com\/wp-content\/uploads\/2020\/05\/AIL_Icons-rz_sonstige_disruptive_Technologien.png\" width=\"90\" height=\"90\" alt=\"\" \/><\/div><\/div><div class=\"fusion-clearfix\"><\/div><div class=\"content-container\">\n<p style=\"font-size:18px\">Disruptive Technologien mit Einsatz in der Landwirtschaft<\/p>\n<\/div><\/div><\/div><div class=\"fusion-clearfix\"><\/div><\/div><div class=\"fusion-clearfix\"><\/div><\/div><\/div><\/div><\/div><div class=\"fusion-fullwidth fullwidth-box fusion-builder-row-3 nonhundred-percent-fullwidth non-hundred-percent-height-scrolling gradient-container-3\" style=\"--awb-border-radius-top-left:0px;--awb-border-radius-top-right:0px;--awb-border-radius-bottom-right:0px;--awb-border-radius-bottom-left:0px;--awb-flex-wrap:wrap;\" ><div class=\"fusion-builder-row fusion-row\"><div class=\"fusion-layout-column fusion_builder_column fusion-builder-column-5 fusion_builder_column_1_1 1_1 fusion-one-full fusion-column-first fusion-column-last\" style=\"--awb-bg-size:cover;\"><div class=\"fusion-column-wrapper fusion-column-has-shadow fusion-flex-column-wrapper-legacy\"><div class=\"fusion-sep-clear\"><\/div><div class=\"fusion-separator fusion-full-width-sep\" style=\"margin-left: auto;margin-right: auto;margin-top:15px;margin-bottom:15px;width:100%;\"><\/div><div class=\"fusion-sep-clear\"><\/div><div class=\"fusion-clearfix\"><\/div><\/div><\/div><\/div><\/div><div class=\"fusion-fullwidth fullwidth-box fusion-builder-row-4 nonhundred-percent-fullwidth non-hundred-percent-height-scrolling gradient-container-4\" style=\"--awb-border-radius-top-left:0px;--awb-border-radius-top-right:0px;--awb-border-radius-bottom-right:0px;--awb-border-radius-bottom-left:0px;--awb-flex-wrap:wrap;\" ><div class=\"fusion-builder-row fusion-row\"><div class=\"fusion-layout-column fusion_builder_column fusion-builder-column-6 fusion_builder_column_1_6 1_6 fusion-one-sixth fusion-column-first fusion-no-small-visibility fusion-no-medium-visibility\" style=\"--awb-bg-size:cover;width:16.6666666667%;width:calc(16.6666666667% - ( ( 4% + 4% ) * 0.166666666667 ) );margin-right: 4%;\"><div class=\"fusion-column-wrapper fusion-column-has-shadow fusion-flex-column-wrapper-legacy\"><div class=\"fusion-clearfix\"><\/div><\/div><\/div><div class=\"fusion-layout-column fusion_builder_column fusion-builder-column-7 fusion_builder_column_2_3 2_3 fusion-two-third\" style=\"--awb-bg-size:cover;width:66.6666666667%;width:calc(66.6666666667% - ( ( 4% + 4% ) * 0.666666666667 ) );margin-right: 4%;\"><div class=\"fusion-column-wrapper fusion-column-has-shadow fusion-flex-column-wrapper-legacy\"><div class=\"fusion-text fusion-text-3\"><div class=\"col s12 m10 push-m2\">\n<h2 class=\"fusion-responsive-typography-calculated\" style=\"--fontsize: 40; line-height: 1.2; --fontSize:64;\" data-fontsize=\"64\" data-lineheight=\"76.8px\">Fokusthemen<\/h2>\n<\/div>\n<div class=\"text-large col s12 m9 push-m2\">\n<p><b>Was wir Partnern \/ Startups anbieten k\u00f6nnen<\/b><\/p>\n<p><span style=\"font-weight: 400;\">Wir interessieren uns f\u00fcr alle innovativen Unternehmen und freuen uns \u00fcber m\u00f6gliche Kooperationen. Durch Co-Innovation k\u00f6nnen wir den Agrarsektor aktiv weiterentwickeln. Dazu sind wir immer auf der Suche nach vielversprechenden Kollaborationen mit etablierten Unternehmen und Vertretern aus Politik, Wirtschaft und Wissenschaft, um im Sinne des Open Innovation Gedankens effizienzsteigernde und ressourcenschonende Entwicklungen gemeinsam umzusetzen.<\/span><\/p>\n<p><span style=\"font-weight: 400;\">Nehmt dazu jederzeit gern mit uns Kontakt auf!<\/span><\/p>\n<\/div>\n<\/div><div class=\"fusion-button-wrapper\"><a class=\"fusion-button button-flat fusion-button-default-size button-default fusion-button-default button-1 fusion-button-default-span fusion-button-default-type\" target=\"_self\" href=\"https:\/\/www.agroinnovationlab.com\/de\/kontakt\/\"><span class=\"fusion-button-text awb-button__text awb-button__text--default\">zum Kontakt<\/span><\/a><\/div><div class=\"fusion-clearfix\"><\/div><\/div><\/div><div class=\"fusion-layout-column fusion_builder_column fusion-builder-column-8 fusion_builder_column_1_6 1_6 fusion-one-sixth fusion-column-last fusion-no-medium-visibility\" style=\"--awb-bg-size:cover;width:16.6666666667%;width:calc(16.6666666667% - ( ( 4% + 4% ) * 0.166666666667 ) );\"><div class=\"fusion-column-wrapper fusion-column-has-shadow fusion-flex-column-wrapper-legacy\"><div class=\"fusion-clearfix\"><\/div><\/div><\/div><\/div><\/div><\/p>\n","protected":false},"excerpt":{"rendered":"","protected":false},"author":1,"featured_media":0,"parent":0,"menu_order":0,"comment_status":"closed","ping_status":"closed","template":"","meta":{"footnotes":""},"class_list":["post-356","page","type-page","status-publish","hentry"],"_links":{"self":[{"href":"https:\/\/www.agroinnovationlab.com\/de\/wp-json\/wp\/v2\/pages\/356","targetHints":{"allow":["GET"]}}],"collection":[{"href":"https:\/\/www.agroinnovationlab.com\/de\/wp-json\/wp\/v2\/pages"}],"about":[{"href":"https:\/\/www.agroinnovationlab.com\/de\/wp-json\/wp\/v2\/types\/page"}],"author":[{"embeddable":true,"href":"https:\/\/www.agroinnovationlab.com\/de\/wp-json\/wp\/v2\/users\/1"}],"replies":[{"embeddable":true,"href":"https:\/\/www.agroinnovationlab.com\/de\/wp-json\/wp\/v2\/comments?post=356"}],"version-history":[{"count":11,"href":"https:\/\/www.agroinnovationlab.com\/de\/wp-json\/wp\/v2\/pages\/356\/revisions"}],"predecessor-version":[{"id":2836,"href":"https:\/\/www.agroinnovationlab.com\/de\/wp-json\/wp\/v2\/pages\/356\/revisions\/2836"}],"wp:attachment":[{"href":"https:\/\/www.agroinnovationlab.com\/de\/wp-json\/wp\/v2\/media?parent=356"}],"curies":[{"name":"wp","href":"https:\/\/api.w.org\/{rel}","templated":true}]}}